{"id":1360,"date":"2018-06-20T01:11:34","date_gmt":"2018-06-20T01:11:34","guid":{"rendered":"http:\/\/comtoisroy.com\/?page_id=1360"},"modified":"2022-11-08T16:45:02","modified_gmt":"2022-11-08T15:45:02","slug":"les-assureurs","status":"publish","type":"page","link":"http:\/\/comtoisroy.com\/en\/les-assureurs\/","title":{"rendered":"Insurers"},"content":{"rendered":"<div id=\"pl-1360\"  class=\"panel-layout\" ><div id=\"pg-1360-0\"  class=\"panel-grid panel-no-style\" ><div id=\"pgc-1360-0-0\"  class=\"panel-grid-cell\" ><div id=\"panel-1360-0-0-0\" class=\"so-panel widget widget_sow-editor panel-first-child panel-last-child\" data-index=\"0\" ><div\n\t\t\t\n\t\t\tclass=\"so-widget-sow-editor so-widget-sow-editor-base\"\n\t\t\t\n\t\t>\n<div class=\"siteorigin-widget-tinymce textwidget\">\n\t<h2>Link to group insurance carriers<\/h2>\n<p>&nbsp;<\/p>\n<\/div>\n<\/div><\/div><\/div><\/div><div id=\"pg-1360-1\"  class=\"panel-grid panel-no-style\" ><div id=\"pgc-1360-1-0\"  class=\"panel-grid-cell\" ><div id=\"panel-1360-1-0-0\" class=\"so-panel widget widget_sow-editor panel-first-child panel-last-child\" data-index=\"1\" ><div\n\t\t\t\n\t\t\tclass=\"so-widget-sow-editor so-widget-sow-editor-base\"\n\t\t\t\n\t\t>\n<div class=\"siteorigin-widget-tinymce textwidget\">\n\t<p class=\"style8\" align=\"left\"><b><a href=\"https:\/\/assumption.ca\/en\/Home\" target=\"_blank\" rel=\"noopener\">Assumption Life<br \/>\n<\/a><\/b>Jessie Gauthier (Rep)<br \/>\n<a href=\"mailto:jessie.gauthier@assomption.ca\">jessie.gauthier@assomption.ca<\/a><br \/>\nLisa Poirier (CSR)<br \/>\n<a href=\"mailto:lisa.poirier@assomption.ca\">lisa.poirier@assomption.ca<br \/>\n<\/a>Claire Deveau (CSR 2)<br \/>\n<a href=\"mailto:Claire.deveau@assomption.ca\">Claire.deveau@assomption.ca<br \/>\n<\/a>Tel\u00a0: 1\u00a0800\u00a0455-7337<br \/>\nAddress\u00a0: C.P. 160<br \/>\n770, Main street<br \/>\nMoncton, N.B. E1C 8L1<\/p>\n<p class=\"style8\" align=\"left\"><b><a href=\"https:\/\/www.desjardinslifeinsurance.com\/en\/\" target=\"_blank\" rel=\"noopener\">Desjardins Financial Security<br \/>\n<\/a><\/b>Andy Ng (Rep)<br \/>\n<a href=\"mailto: andy.ng@dsf.ca\">andy.ng@dsf.ca<br \/>\n<\/a>Tel: (418) 833-7217<br \/>\nMarie-H\u00e9l\u00e8ne Gauthier (CSR)<br \/>\n<a href=\"mailto:Marie-helene.gauthier@dsf.ca\">Marie-helene.gauthier@dsf.ca<br \/>\n<\/a>Tel\u00a0: (418) 838-7800, ext. 5583360<br \/>\nAddress\u00a0:<br \/>\n2, Complexe Desjardins<br \/>\nTour Est, 23<sup>e<\/sup> \u00e9tage, Bureau 2301<br \/>\nMontr\u00e9al (Qc) H5B 1E2<\/p>\n<p class=\"style8\" align=\"left\"><b><a href=\"http:\/\/www.bluecross.ca\/en\/index.html\" target=\"_blank\" rel=\"noopener\">Blue Cross<br \/>\n<\/a><\/b>Philippe Seguin (Rep)<br \/>\n<a href=\"mailto:philippe.seguin@medavie.croixbleue.ca\">philippe.seguin@medavie.croixbleue.ca<br \/>\n<\/a>Tel : (514) 286-7689<br \/>\nFannie Larouche (CSR)<br \/>\n<a href=\"mailto:fannie.larouche@medavie.croixbleue.ca\">fannie.larouche@medavie.croixbleue.ca<br \/>\n<\/a>Address\u00a0:<br \/>\n550, Sherbrooke street West<br \/>\nBureau L-15<br \/>\nMontr\u00e9al (Qc) H3A 6T6<\/p>\n<p class=\"style8\" align=\"left\"><b><a href=\"https:\/\/www.manulife.ca\/for-you\/group-plans\/group-benefits-plan-members.html\" target=\"_blank\" rel=\"noopener\">Manulife Financial<br \/>\n<\/a><\/b>Group 2 to 49:<br \/>\nWissam Nicolas (Rep)<br \/>\n<a href=\"mailto:Wissam_nicolas@manulife.com\">Wissam_nicolas@manulife.com<br \/>\n<\/a>Tel\u00a0: (514) 286-5871<br \/>\nAssistant of Wissam\u00a0:<br \/>\n<a href=\"mailto:karim_eldakdouk@manuvie.ca\">karim_eldakdouk@manuvie.ca<br \/>\n<\/a>Tel\u00a0: (514) 286-4122 (ext. 204122)<br \/>\nGroup of 50+\u00a0:<br \/>\n\u00c9ric Poitras (Rep)<br \/>\n<a href=\"mailto:Eric_poitras@manulife.com\">Eric_poitras@manulife.com<br \/>\n<\/a>Tel\u00a0: (514)286-8870<br \/>\nSonia St-Jean (CSR)<br \/>\n<a href=\"mailto:Sonia_st-jean@manulife.com\">Sonia_st-jean@manulife.com<br \/>\n<\/a>Tel\u00a0: (514) 286-8744<br \/>\nFollow Me :<br \/>\nPhilippe Boutin<br \/>\nTel\u00a0: 1\u00a0877\u00a0654-2757 opt. 1 (ext. 550)<br \/>\n<a href=\"mailto:Am_brokersupport@manulife.com\">Am_brokersupport@manulife.com<br \/>\n<\/a>Address\u00a0:<br \/>\n900, De Maisonneuve W.<br \/>\nMontr\u00e9al (Qc) H3A 0A8<\/p>\n<p class=\"style8\" align=\"left\"><b><a href=\"https:\/\/www.greatwestlife.com\/plan-sponsors-employers.html\" target=\"_blank\" rel=\"noopener\">Canada Life<br \/>\n<\/a><\/b>Group of 3-35\u00a0:<br \/>\nFrederic Michon (Rep)<br \/>\n<a href=\"mailto:frederic.michon@canadavie.com\">frederic.michon@canadavie.com<br \/>\n<\/a>Tel: (514) 350-4678<br \/>\nPrithika Ganesh (CSR)<br \/>\n<a href=\"mailto:prithika.ganesh@canadavie.com\">prithika.ganesh@canadavie.com<br \/>\n<\/a>Group of 36+\u00a0:<br \/>\nJohn Stone (Rep)<br \/>\n<a href=\"mailto:john.stone@gwl.ca\">john.stone@gwl.ca<br \/>\n<\/a>Tel: (514) 350-4677<br \/>\nLinda Ouellette (CSR)<br \/>\n<a href=\"mailto:linda.ouellette@gwl.ca\">linda.ouellette@gwl.ca<\/a><br \/>\nAddress:<br \/>\n1350, Ren\u00e9-L\u00e9vesque West<br \/>\n12th floor (M410)<br \/>\nMontr\u00e9al (Qc) H3G 1Y8<\/p>\n<p class=\"style8\" align=\"left\"><b><a href=\"http:\/\/www.empire.ca\/\" target=\"_blank\" rel=\"noopener\">Empire Life<br \/>\n<\/a><\/b>Robert Girard (Rep) ext. 8267<br \/>\n<a href=\"mailto:Robert.girard@empire.ca\">Robert.girard@empire.ca<br \/>\n<\/a>Tel\u00a0: (514) 842-0003<br \/>\nKathleen F\u00e9lix (CSR)<br \/>\n<a href=\"mailto:Kathleen.felix@empire.ca\">Kathleen.felix@empire.ca<br \/>\n<\/a>Christine Charbonneau (CSR 2)<br \/>\n<a href=\"mailto:Christine.charbonneau@empire.ca\">Christine.charbonneau@empire.ca<br \/>\n<\/a>Address\u00a0:<br \/>\n600, De Maisonneuve W.<br \/>\nBureau 1600A<br \/>\nMontr\u00e9al (Qc) H3A 3J2<\/p>\n<p class=\"style8\" align=\"left\"><b><a href=\"https:\/\/www.lacapitale.com\/en\" target=\"_blank\" rel=\"noopener\">La Capitale<br \/>\n<\/a><\/b>Nicolas Exam\u00e9\u00a0(Rep)<br \/>\n<a href=\"mailto:nicolas.exame@lacapitale.com\">nicolas.exame@lacapitale.com<br \/>\n<\/a>Tel\u00a0: (418) 644-4200<br \/>\nCaroline Losier (CSR)<br \/>\n<a href=\"mailto:Caroline.losier@lacapitale.com\">Caroline.losier@lacapitale.com<br \/>\n<\/a>Tel\u00a0: 1\u00a0877\u00a0967-7376<br \/>\nAddress\u00a0:<br \/>\n425, De Maisonneuve O.<br \/>\nBureau 820<br \/>\nMontr\u00e9al (Qc) H3A 3G5<\/p>\n<p class=\"style8\" align=\"left\"><span class=\"style81\"><b><a href=\"https:\/\/www.humania.ca\/en-CA\/group\" target=\"_blank\" rel=\"noopener\">Humania Assurance<br \/>\n<\/a><\/b><\/span>Pierre-Philippe Comte (Rep)<br \/>\n<a href=\"mailto:pierre-philippe.comte@humania.ca\">pierre-philippe.comte@humania.ca<br \/>\n<\/a>Val\u00e9rie H\u00e9bert (CSR)<br \/>\n<a href=\"mailto:valerie.hebert@humania.ca\">valerie.hebert@humania.ca<br \/>\n<\/a>Tel: (450) 771-1334<br \/>\nAddress:<br \/>\n1555, Girouard street W.<br \/>\nSt-Hyacinthe (Qc) J2S 2Z6<\/p>\n<p class=\"style8\" align=\"left\">\n<\/div>\n<\/div><\/div><\/div><div id=\"pgc-1360-1-1\"  class=\"panel-grid-cell\" ><div id=\"panel-1360-1-1-0\" class=\"so-panel widget widget_sow-editor panel-first-child panel-last-child\" data-index=\"2\" ><div\n\t\t\t\n\t\t\tclass=\"so-widget-sow-editor so-widget-sow-editor-base\"\n\t\t\t\n\t\t>\n<div class=\"siteorigin-widget-tinymce textwidget\">\n\t<p class=\"style8\" align=\"left\"><b><a href=\"https:\/\/ia.ca\/my-insurance-group\" target=\"_blank\" rel=\"noopener\">Industrial Alliance<br \/>\n<\/a><\/b>Caroline Larouche (Rep), ext. 203153<br \/>\n<a href=\"mailto:Caroline.larouche@ia.ca\">Caroline.larouche@ia.ca<br \/>\n<\/a>Manon Bourassa (CSR), ext. 203139<br \/>\n<a href=\"mailto:Manon.bourassa@ia.ca\">Manon.bourassa@ia.ca<br \/>\n<\/a>Tel\u00a0: (514) 499-3750<br \/>\nAddress\u00a0:<br \/>\n2000, McGill College Ave.<br \/>\nBureau 2200<br \/>\nMontr\u00e9al (Qc) H3B 3K6<\/p>\n<p class=\"style8\" align=\"left\"><b><a href=\"https:\/\/ssq.ca\/en\/group-insurance\" target=\"_blank\" rel=\"noopener\">SSQ Insurance<br \/>\n<\/a><\/b>Teresa Leuci (Rep)<br \/>\n<a href=\"mailto:teresa.leuci@ssq.ca\">teresa.leuci@ssq.ca<br \/>\n<\/a>Jos\u00e9e H\u00e9bert (CSR)<br \/>\n<a href=\"mailto:Sac_intermediaires@ssq.ca\">Sac_intermediaires@ssq.ca<br \/>\n<\/a>Tel\u00a0: (514) 521-7365<br \/>\nSpecial Risks\u00a0:<br \/>\nSophie Genois (Rep)<br \/>\n<a href=\"mailto:sophie.genois@ssq.ca\">sophie.genois@ssq.ca<br \/>\n<\/a>Assistant :<br \/>\nIsabelle Monette<br \/>\n<a href=\"mailto:Isabelle.monette@ssq.ca\">Isabelle.monette@ssq.ca<br \/>\n<\/a>Address\u00a0:<br \/>\n1200, Papineau Ave.<br \/>\nBureau 460<br \/>\nMontr\u00e9al (Qc) H2K 4R5<\/p>\n<p class=\"style8\" align=\"left\"><b><a href=\"https:\/\/www.sunlife.ca\/\" target=\"_blank\" rel=\"noopener\">Sun Life Financial<br \/>\n<\/a><\/b>Group of 3-49\u00a0:<br \/>\nMarc Goyens (Rep)<br \/>\n<a href=\"mailto:Marc.goyens@sunlife.com\">Marc.goyens@sunlife.com<br \/>\n<\/a>Brigitte Bourget (CSR)<br \/>\n<a href=\"mailto:brigitte.bourget@sunlife.com\">brigitte.bourget@sunlife.com<br \/>\n<\/a>Tel : (514) 866-6411 ext. 335 5816<br \/>\nGroup of 50+\u00a0:<br \/>\nMathieu Chabot (Rep)<br \/>\n<a href=\"mailto:Mathieu.chabot@sunlife.com\">Mathieu.chabot@sunlife.com<br \/>\n<\/a>Sarah C\u00f4t\u00e9 (CSR)<br \/>\n<a href=\"mailto:sarah.cote@sunlife.com\">sarah.cote@sunlife.com<br \/>\n<\/a>Tel: (514) 904-9601 ext. 335 9601<br \/>\nAddress:<br \/>\n1155, Metcalfe<br \/>\nBureau 1450<br \/>\nMontr\u00e9al (Qc) H3B 2V9<\/p>\n<p class=\"style8\" align=\"left\"><b><a href=\"http:\/\/www.ulmutual.ca\/home\" target=\"_blank\" rel=\"noopener\">Union Life<br \/>\n<\/a><\/b>Fran\u00e7ois Girard (Rep), ext. 2438<br \/>\n<a href=\"mailto:fgirard@uvmutuelle.ca\">fgirard@uvmutuelle.ca<br \/>\n<\/a>H\u00e9l\u00e8ne B\u00e9langer (CSR)<br \/>\n<a href=\"mailto:hbelanger@uvmutuelle.ca\">hbelanger@uvmutuelle.ca<br \/>\n<\/a>Tel\u00a0: (819) 478-1315<br \/>\nAddress\u00a0:<br \/>\n142, H\u00e9riot C.P. 696<br \/>\nDrummondville (Qc) J2B 6W9<\/p>\n<p class=\"style8\" align=\"left\"><b><a href=\"https:\/\/www.rbcinsurance.com\/group-benefits\/\" target=\"_blank\" rel=\"noopener\">RBC Insurance<br \/>\n<\/a><\/b>Efrat Rosenblum\u00a0(Rep)<br \/>\n<a href=\"mailto:efrat.rosenblum@rbc.com\">efrat.rosenblum@rbc.com<br \/>\n<\/a>Tel\u00a0: (514) 239-5582<br \/>\nTony Lemieux (CSR)<br \/>\n<a href=\"mailto:Tony.lemieux@rbc.com\">Tony.lemieux@rbc.com<br \/>\n<\/a>Tel\u00a0: (514) 954-4779<br \/>\nAddress\u00a0:<br \/>\n1, Place Ville Marie, aile Nord<br \/>\nMontr\u00e9al (Qc) H3C 3A9<\/p>\n<p class=\"style8\" align=\"left\"><b><a href=\"http:\/\/www.equitable.ca\/\" target=\"_blank\" rel=\"noopener\">Equitable Life<br \/>\n<\/a><\/b>Sofia Colaiacovo (Rep)<br \/>\n<a href=\"mailto:scolaiacovo@equitable.ca\">scolaiacovo@equitable.ca<br \/>\n<\/a>Tel: (613) 729-3174<br \/>\nAddress:<br \/>\n312-1545, Carling Ave.<br \/>\nOttawa (On) K1Z 8P9<\/p>\n<p class=\"style8\" align=\"left\"><a href=\"https:\/\/groupepremiermedical.ca\/en\/\" target=\"_blank\" rel=\"noopener\"><strong>GPM<br \/>\n<\/strong><\/a>Mario Gosselin (Vice-President)<br \/>\n<a href=\"mailto:mgosselin@gpm.ca\">mgosselin@gpm.ca<br \/>\n<\/a>Cell\u00a0: (514) 262-5323<br \/>\nChantal Labelle (CSR)<br \/>\n<a href=\"mailto:clabelle@gpm.ca\">clabelle@gpm.ca<br \/>\n<\/a>Tel: (450) 667-7737<br \/>\nAddress:<br \/>\n2, Place Laval<br \/>\nSuite 475<br \/>\nLaval (Qc) H7N 5N6<\/p>\n<p align=\"left\"><a href=\"https:\/\/www.benecaid.com\" target=\"_blank\" rel=\"noopener\"><strong>Benecaid<br \/>\n<\/strong><\/a>Philippe Kolaczynski<br \/>\n<a href=\"mailto:pkolaczynski@benecaid.com\">pkolaczynski@benecaid.com<\/a><br \/>\nTel: 1-877-797-7448<br \/>\nAddress:<br \/>\n185, The West Mall<br \/>\n#800<strong><br \/>\n<\/strong>Toronto (On) M9C 5L5<\/p>\n<\/div>\n<\/div><\/div><\/div><\/div><div id=\"pg-1360-2\"  class=\"panel-grid panel-no-style\" ><div id=\"pgc-1360-2-0\"  class=\"panel-grid-cell\" ><div id=\"panel-1360-2-0-0\" class=\"so-panel widget widget_sow-editor panel-first-child panel-last-child\" data-index=\"3\" ><div\n\t\t\t\n\t\t\tclass=\"so-widget-sow-editor so-widget-sow-editor-base\"\n\t\t\t\n\t\t>\n<div class=\"siteorigin-widget-tinymce textwidget\">\n\t<h2>Group Annuities Pension Plan<\/h2>\n<\/div>\n<\/div><\/div><\/div><\/div><div id=\"pg-1360-3\"  class=\"panel-grid panel-no-style\" ><div id=\"pgc-1360-3-0\"  class=\"panel-grid-cell\" ><div id=\"panel-1360-3-0-0\" class=\"so-panel widget widget_sow-editor panel-first-child panel-last-child\" data-index=\"4\" ><div\n\t\t\t\n\t\t\tclass=\"so-widget-sow-editor so-widget-sow-editor-base\"\n\t\t\t\n\t\t>\n<div class=\"siteorigin-widget-tinymce textwidget\">\n\t<p><span style=\"color: #2d5c88;\"><strong class=\"color1\">Desjardins Financial Security<br \/>\n<\/strong><\/span>Olivier Lapierre (Rep)<br \/>\n<a href=\"mailto:Olivier.lapierre@dsf.ca\">Olivier.lapierre@dsf.ca<br \/>\n<\/a>Tel\u00a0: (514) 285-3048<br \/>\nAddress\u00a0:<br \/>\n1, Complexe Desjardins<br \/>\nTour Sud, 38<sup>e<\/sup> \u00e9tage<br \/>\nMontr\u00e9al (Qc) H5B 1C4<\/p>\n<p><span style=\"color: #2d5c88;\"><strong class=\"color1\">Manulife Financial<br \/>\n<\/strong><\/span>Karim Awan (Rep)<br \/>\n<a href=\"mailto:karim_awan@manulife.ca\">karim_awan@manulife.ca<br \/>\n<\/a>Tel : 1 877 416-6554 (ext. 247138)<br \/>\nHicham Iskizzi (CSR)<br \/>\n<a href=\"mailto:Hicham_iskizzi@manulife.com\">Hicham_iskizzi@manulife.com<br \/>\n<\/a>Tel: (514) 286-6880 (ext. 2066880)<br \/>\nAddress\u00a0:<br \/>\n900, De Maisonneuve W.<br \/>\nMontr\u00e9al (Qc) H3A 0A8<\/p>\n<p><span style=\"color: #2d5c88;\"><strong class=\"color1\">Great-West Life<br \/>\n<\/strong><\/span>David Griffiths (Rep)<br \/>\n<a href=\"mailto:David.griffiths@canadavie.com\">David.griffiths@canadavie.com<br \/>\n<\/a>Marilena Mancuso (CSR)<br \/>\n<a href=\"mailto:Marilena.mancuso@gwl.ca\">Marilena.mancuso@gwl.ca<br \/>\n<\/a>Tel: (514) 350-4781<br \/>\nAddress\u00a0:<br \/>\n1000-2001, Robert-Bourassa<br \/>\nMontr\u00e9al (Qc) H3A 1T9<\/p>\n<\/div>\n<\/div><\/div><\/div><div id=\"pgc-1360-3-1\"  class=\"panel-grid-cell\" ><div id=\"panel-1360-3-1-0\" class=\"so-panel widget widget_sow-editor panel-first-child panel-last-child\" data-index=\"5\" ><div\n\t\t\t\n\t\t\tclass=\"so-widget-sow-editor so-widget-sow-editor-base\"\n\t\t\t\n\t\t>\n<div class=\"siteorigin-widget-tinymce textwidget\">\n\t<p><span style=\"color: #2d5c88;\"><strong class=\"color1\">Industrial Alliance<br \/>\n<\/strong><\/span>Jean-Philippe Beaudry-Nault (Rep), ext. 203232<br \/>\n<a href=\"mailto:Jean-philippe.beaudry-nault@ia.ca\">Jean-philippe.beaudry-nault@ia.ca<br \/>\n<\/a>Anne Cataford (CSR), ext. 203227<br \/>\n<a href=\"mailto:Anne.cataford@ia.ca\">Anne.cataford@ia.ca<br \/>\n<\/a>Sylvain Latreille (CSR 2<sup>e<\/sup>), ext. 206227<br \/>\n<a href=\"mailto:Sylvain.latreille@ia.ca\">Sylvain.latreille@ia.ca<br \/>\n<\/a>Tel\u00a0: (514) 499-6600<br \/>\nAddress:<br \/>\n2000, McGill College Ave.<br \/>\nBureau 2200<br \/>\nMontr\u00e9al (Qc) H3A 3H3<\/p>\n<p><span style=\"color: #2d5c88;\"><strong class=\"color1\">Sun Life Financial<br \/>\n<\/strong><\/span>Stephen Edmonds (Rep)<br \/>\n<a href=\"mailto:Stephen.edmonds@sunlife.com\">Stephen.edmonds@sunlife.com<br \/>\n<\/a>Tel: (514) 866-2559<br \/>\nLine Quenneville (CSR)<br \/>\n<a href=\"mailto:Line.quenneville@sunlife.com\">Line.quenneville@sunlife.com<br \/>\n<\/a>Address\u00a0:<br \/>\n430-1155 rue Metcalfe<br \/>\nMontr\u00e9al (Qc) H3B 2V9<\/p>\n<\/div>\n<\/div><\/div><\/div><\/div><\/div>","protected":false},"excerpt":{"rendered":"<p>Link to group insurance carriers &nbsp; Assumption Life Jessie Gauthier (Rep) jessie.gauthier@assomption.ca Lisa Poirier (CSR) lisa.poirier@assomption.ca Claire Deveau (CSR 2) Claire.deveau@assomption.ca Tel\u00a0: 1\u00a0800\u00a0455-7337 Address\u00a0: C.P. 160 770, Main street Moncton, N.B. E1C 8L1 Desjardins Financial Security Andy Ng (Rep) andy.ng@dsf.ca Tel: (418) 833-7217 Marie-H\u00e9l\u00e8ne Gauthier (CSR) Marie-helene.gauthier@dsf.ca Tel\u00a0: (418) 838-7800, ext. 5583360 Address\u00a0: 2, Complexe Desjardins Tour Est, 23e \u00e9tage, Bureau 2301 Montr\u00e9al (Qc) H5B 1E2 Blue Cross Philippe Seguin (Rep) philippe.seguin@medavie.croixbleue.ca Tel : (514) 286-7689 Fannie Larouche (CSR) fannie.larouche@medavie.croixbleue.ca &hellip; <a class=\"kt-excerpt-readmore\" href=\"http:\/\/comtoisroy.com\/en\/les-assureurs\/\" aria-label=\"Insurers\">Read More<\/a><\/p>\n","protected":false},"author":1,"featured_media":0,"parent":0,"menu_order":0,"comment_status":"closed","ping_status":"closed","template":"page-fullwidth.php","meta":{"footnotes":""},"class_list":["post-1360","page","type-page","status-publish","hentry"],"_links":{"self":[{"href":"http:\/\/comtoisroy.com\/en\/wp-json\/wp\/v2\/pages\/1360","targetHints":{"allow":["GET"]}}],"collection":[{"href":"http:\/\/comtoisroy.com\/en\/wp-json\/wp\/v2\/pages"}],"about":[{"href":"http:\/\/comtoisroy.com\/en\/wp-json\/wp\/v2\/types\/page"}],"author":[{"embeddable":true,"href":"http:\/\/comtoisroy.com\/en\/wp-json\/wp\/v2\/users\/1"}],"replies":[{"embeddable":true,"href":"http:\/\/comtoisroy.com\/en\/wp-json\/wp\/v2\/comments?post=1360"}],"version-history":[{"count":42,"href":"http:\/\/comtoisroy.com\/en\/wp-json\/wp\/v2\/pages\/1360\/revisions"}],"predecessor-version":[{"id":1846,"href":"http:\/\/comtoisroy.com\/en\/wp-json\/wp\/v2\/pages\/1360\/revisions\/1846"}],"wp:attachment":[{"href":"http:\/\/comtoisroy.com\/en\/wp-json\/wp\/v2\/media?parent=1360"}],"curies":[{"name":"wp","href":"https:\/\/api.w.org\/{rel}","templated":true}]}}