{"id":1526,"date":"2018-06-20T14:13:31","date_gmt":"2018-06-20T14:13:31","guid":{"rendered":"http:\/\/comtoisroy.com\/?page_id=1526"},"modified":"2018-06-20T14:13:31","modified_gmt":"2018-06-20T14:13:31","slug":"entreprise","status":"publish","type":"page","link":"http:\/\/comtoisroy.com\/en\/entreprise\/","title":{"rendered":"Entreprise"},"content":{"rendered":"<p class=\"style8\"><span class=\"style12\">Richard Comtois<\/span><br \/>\n<strong>COMTOIS, ROY INC.<\/strong><\/p>\n<p class=\"style8\"><strong>CONSEILLER EN ASSURANCE ET RENTES COLLECTIVES<\/strong><\/p>\n<ul>\n<li class=\"style8\">Expert-conseil depuis plus de 25 ans dans le domaine du collectif.<\/li>\n<\/ul>\n<ul>\n<li class=\"style8\">D\u00e9but\u00e9 comme Repr\u00e9sentant en assurance et rentes collectives avec la compagnie Canada Vie \u00e0 Ottawa.<\/li>\n<\/ul>\n<ul>\n<li class=\"style8\">D\u00e9m\u00e9nag\u00e9 dans la r\u00e9gion de Montr\u00e9al en 1988 et a travaill\u00e9 avec une firme-conseil sp\u00e9cialiste pour les groupes associations au Qu\u00e9bec, en Ontario et en Alberta.<\/li>\n<\/ul>\n<ul>\n<li class=\"style8\">Apr\u00e8s plusieurs ann\u00e9es avec cette firme, j\u2019ai travaill\u00e9 pour Paul Revere comme Repr\u00e9sentant en assurance collective et par la suite pour Clarica (Mutuelle du Canada) comme Conseiller en rentes collectives.<\/li>\n<\/ul>\n<ul>\n<li class=\"style8\">Je suis un travailleur autonome comme Expert-conseil en Assurance et Rentes collectives depuis f\u00e9vrier 1996.<\/li>\n<\/ul>\n<ul>\n<li class=\"style8\">De plus, je suis membre du Regroupement des consultants en avantages sociaux du Qu\u00e9bec (R.C.A.S.Q.).<\/li>\n<\/ul>\n<ul>\n<li class=\"style8\">J\u2019offre un service complet (CL\u00c9 EN MAIN).\u00a0 Je constitue ainsi un atout important en mati\u00e8re d\u2019avantages sociaux pour mes clients et mon r\u00e9seau de courtage.<\/li>\n<\/ul>\n","protected":false},"excerpt":{"rendered":"<p>Richard Comtois COMTOIS, ROY INC. CONSEILLER EN ASSURANCE ET RENTES COLLECTIVES Expert-conseil depuis plus de 25 ans dans le domaine du collectif. D\u00e9but\u00e9 comme Repr\u00e9sentant en assurance et rentes collectives avec la compagnie Canada Vie \u00e0 Ottawa. D\u00e9m\u00e9nag\u00e9 dans la r\u00e9gion de Montr\u00e9al en 1988 et a travaill\u00e9 avec une firme-conseil sp\u00e9cialiste pour les groupes associations au Qu\u00e9bec, en Ontario et en Alberta. Apr\u00e8s plusieurs ann\u00e9es avec cette firme, j\u2019ai travaill\u00e9 pour Paul Revere comme Repr\u00e9sentant en assurance collective et &hellip; <a class=\"kt-excerpt-readmore\" href=\"http:\/\/comtoisroy.com\/en\/entreprise\/\" aria-label=\"Entreprise\">Read More<\/a><\/p>\n","protected":false},"author":1,"featured_media":1376,"parent":0,"menu_order":0,"comment_status":"closed","ping_status":"closed","template":"","meta":{"footnotes":""},"class_list":["post-1526","page","type-page","status-publish","has-post-thumbnail","hentry"],"_links":{"self":[{"href":"http:\/\/comtoisroy.com\/en\/wp-json\/wp\/v2\/pages\/1526","targetHints":{"allow":["GET"]}}],"collection":[{"href":"http:\/\/comtoisroy.com\/en\/wp-json\/wp\/v2\/pages"}],"about":[{"href":"http:\/\/comtoisroy.com\/en\/wp-json\/wp\/v2\/types\/page"}],"author":[{"embeddable":true,"href":"http:\/\/comtoisroy.com\/en\/wp-json\/wp\/v2\/users\/1"}],"replies":[{"embeddable":true,"href":"http:\/\/comtoisroy.com\/en\/wp-json\/wp\/v2\/comments?post=1526"}],"version-history":[{"count":0,"href":"http:\/\/comtoisroy.com\/en\/wp-json\/wp\/v2\/pages\/1526\/revisions"}],"wp:featuredmedia":[{"embeddable":true,"href":"http:\/\/comtoisroy.com\/en\/wp-json\/"}],"wp:attachment":[{"href":"http:\/\/comtoisroy.com\/en\/wp-json\/wp\/v2\/media?parent=1526"}],"curies":[{"name":"wp","href":"https:\/\/api.w.org\/{rel}","templated":true}]}}